{"id":922,"date":"2025-03-28T11:23:32","date_gmt":"2025-03-28T10:23:32","guid":{"rendered":"https:\/\/www.easyship.sk\/?page_id=922"},"modified":"2025-03-28T11:36:53","modified_gmt":"2025-03-28T10:36:53","slug":"vseobecne-obchodne-podmienky","status":"publish","type":"page","link":"https:\/\/www.easyship.sk\/en\/vseobecne-obchodne-podmienky\/","title":{"rendered":"V\u0161eobecn\u00e9 obchodn\u00e9 podmienky"},"content":{"rendered":"<div data-elementor-type=\"wp-page\" data-elementor-id=\"922\" class=\"elementor elementor-922\">\n\t\t\t\t<div class=\"elementor-element elementor-element-3b1a2b6e e-flex e-con-boxed e-con e-parent\" data-id=\"3b1a2b6e\" data-element_type=\"container\" data-e-type=\"container\">\n\t\t\t\t\t<div class=\"e-con-inner\">\n\t\t\t\t<div class=\"elementor-element elementor-element-9910013 elementor-widget elementor-widget-hub_fancy_heading\" data-id=\"9910013\" data-element_type=\"widget\" data-e-type=\"widget\" data-widget_type=\"hub_fancy_heading.default\">\n\t\t\t\t<div class=\"elementor-widget-container\">\n\t\t\t\t\t\n\t\t<div id=\"ld-fancy-heading-6a020d426e292\" class=\"ld-fancy-heading pos-rel\">\n\t\t\t<h2 class=\"ld-fh-element d-inline-block pos-rel  elementor-heading-title lqd-highlight-classic lqd-highlight-grow-left h2\"  > V\u0160EOBECN\u00c9 OBCHODN\u00c9 PODMIENKY<\/h2>\t\t<\/div>\n\n\t\t\t\t\t\t<\/div>\n\t\t\t\t<\/div>\n\t\t\t\t<div class=\"elementor-element elementor-element-1ef96dd elementor-widget elementor-widget-hub_fancy_heading\" data-id=\"1ef96dd\" data-element_type=\"widget\" data-e-type=\"widget\" data-widget_type=\"hub_fancy_heading.default\">\n\t\t\t\t<div class=\"elementor-widget-container\">\n\t\t\t\t\t\n\t\t<div id=\"ld-fancy-heading-6a020d426ef04\" class=\"ld-fancy-heading pos-rel\">\n\t\t\t<h5 class=\"ld-fh-element d-inline-block pos-rel  elementor-heading-title lqd-highlight-classic lqd-highlight-grow-left h5\"  > Easyship s.r.o.<\/h5>\t\t<\/div>\n\n\t\t\t\t\t\t<\/div>\n\t\t\t\t<\/div>\n\t\t\t\t<div class=\"elementor-element elementor-element-ddfed96 elementor-widget elementor-widget-spacer\" data-id=\"ddfed96\" data-element_type=\"widget\" data-e-type=\"widget\" data-widget_type=\"spacer.default\">\n\t\t\t\t<div class=\"elementor-widget-container\">\n\t\t\t\t\t\t\t<div class=\"elementor-spacer\">\n\t\t\t<div class=\"elementor-spacer-inner\"><\/div>\n\t\t<\/div>\n\t\t\t\t\t\t<\/div>\n\t\t\t\t<\/div>\n\t\t\t\t<div class=\"elementor-element elementor-element-c99b727 elementor-widget elementor-widget-hub_fancy_heading\" data-id=\"c99b727\" data-element_type=\"widget\" data-e-type=\"widget\" data-widget_type=\"hub_fancy_heading.default\">\n\t\t\t\t<div class=\"elementor-widget-container\">\n\t\t\t\t\t\n\t\t<div id=\"ld-fancy-heading-6a020d426f836\" class=\"ld-fancy-heading pos-rel\">\n\t\t\t<h5 class=\"ld-fh-element d-inline-block pos-rel  elementor-heading-title lqd-highlight-classic lqd-highlight-grow-left h5\"  > I. \u00davodn\u00e9 ustanovenia a vymedzenie pojmov<\/h5>\t\t<\/div>\n\n\t\t\t\t\t\t<\/div>\n\t\t\t\t<\/div>\n\t\t\t\t<div class=\"elementor-element elementor-element-8d17675 elementor-widget elementor-widget-text-editor\" data-id=\"8d17675\" data-element_type=\"widget\" data-e-type=\"widget\" data-widget_type=\"text-editor.default\">\n\t\t\t\t<div class=\"elementor-widget-container\">\n\t\t\t\t\t\t\t\t\t\n<p>1.1. Tieto v\u0161eobecn\u00e9 obchodn\u00e9 podmienky (\u010falej len \u201eVOP\u201c) upravuj\u00fa pr\u00e1vne vz\u0165ahy medzi spolo\u010dnos\u0165ou Easyship s.r.o., so s\u00eddlom: Karola Kuzm\u00e1nyho 14, 071 01 Michalovce, I\u010cO: 56663129, zap\u00edsanou v Obchodnom registri Mestsk\u00e9ho s\u00fadu Ko\u0161ice, Vlo\u017eka \u010d\u00edslo: 60946\/V, ako obstar\u00e1vate\u013eom (\u010falej len \u201eObstar\u00e1vate\u013e\u201c) a fyzick\u00fdmi alebo pr\u00e1vnick\u00fdmi osobami, ktor\u00e9 vyu\u017e\u00edvaj\u00fa slu\u017eby Obstar\u00e1vate\u013ea (\u010falej len \u201eObjedn\u00e1vate\u013e\u201c).\u00a0<\/p>\n<p>1.2. VOP sa vz\u0165ahuj\u00fa na zmluvy o obstaran\u00ed vn\u00fatro\u0161t\u00e1tnej alebo medzin\u00e1rodnej prepravy z\u00e1sielok uzatvoren\u00e9 prostredn\u00edctvom online expedi\u010dn\u00e9ho syst\u00e9mu Easyship, dostupn\u00e9ho na internetovej str\u00e1nke www.easyship.sk (\u010falej len \u201eSyst\u00e9m Easyship\u201c).\u00a0<\/p>\n<p>1.3. Na \u00fa\u010dely t\u00fdchto VOP sa rozumie:\u00a0<\/p>\n<p>\u00a0\u00a0 &#8211; Obstar\u00e1vate\u013eom: Spolo\u010dnos\u0165 Easyship s.r.o., ktor\u00e1 zabezpe\u010duje prepravu z\u00e1sielok prostredn\u00edctvom zmluvn\u00fdch prepravcov.<\/p>\n<p>\u00a0\u00a0 &#8211; Objedn\u00e1vate\u013eom: Fyzick\u00e1 alebo pr\u00e1vnick\u00e1 osoba, ktor\u00e1 zad\u00e1va objedn\u00e1vky na prepravu z\u00e1sielok prostredn\u00edctvom Syst\u00e9mu Easyship.<\/p>\n<p>\u00a0\u00a0 &#8211; Prepravcom: Zmluvn\u00fd partner Obstar\u00e1vate\u013ea, ktor\u00fd realizuje fyzick\u00fa prepravu z\u00e1sielok.<\/p>\n<p>\u00a0\u00a0 &#8211; Z\u00e1sielkou: Vec alebo s\u00fabor vec\u00ed ur\u010den\u00fdch na prepravu z miesta odoslania do miesta ur\u010denia pod\u013ea pokynov Objedn\u00e1vate\u013ea.<\/p>\n\t\t\t\t\t\t\t\t<\/div>\n\t\t\t\t<\/div>\n\t\t\t\t<div class=\"elementor-element elementor-element-28ad259 elementor-widget elementor-widget-spacer\" data-id=\"28ad259\" data-element_type=\"widget\" data-e-type=\"widget\" data-widget_type=\"spacer.default\">\n\t\t\t\t<div class=\"elementor-widget-container\">\n\t\t\t\t\t\t\t<div class=\"elementor-spacer\">\n\t\t\t<div class=\"elementor-spacer-inner\"><\/div>\n\t\t<\/div>\n\t\t\t\t\t\t<\/div>\n\t\t\t\t<\/div>\n\t\t\t\t<div class=\"elementor-element elementor-element-176242f elementor-widget elementor-widget-hub_fancy_heading\" data-id=\"176242f\" data-element_type=\"widget\" data-e-type=\"widget\" data-widget_type=\"hub_fancy_heading.default\">\n\t\t\t\t<div class=\"elementor-widget-container\">\n\t\t\t\t\t\n\t\t<div id=\"ld-fancy-heading-6a020d4270e9b\" class=\"ld-fancy-heading pos-rel\">\n\t\t\t<h5 class=\"ld-fh-element d-inline-block pos-rel  elementor-heading-title lqd-highlight-classic lqd-highlight-grow-left h5\"  > II. Uzatvorenie zmluvy<\/h5>\t\t<\/div>\n\n\t\t\t\t\t\t<\/div>\n\t\t\t\t<\/div>\n\t\t\t\t<div class=\"elementor-element elementor-element-5e51f51e elementor-widget elementor-widget-text-editor\" data-id=\"5e51f51e\" data-element_type=\"widget\" data-e-type=\"widget\" data-widget_type=\"text-editor.default\">\n\t\t\t\t<div class=\"elementor-widget-container\">\n\t\t\t\t\t\t\t\t\t\n<p>2.1. Zmluva medzi Obstar\u00e1vate\u013eom a Objedn\u00e1vate\u013eom je uzatvoren\u00e1 momentom akcept\u00e1cie objedn\u00e1vky Objedn\u00e1vate\u013ea zo strany Obstar\u00e1vate\u013ea v Syst\u00e9me Easyship.\u00a0<\/p>\n<p>2.2. Objedn\u00e1vate\u013e je povinn\u00fd pred odoslan\u00edm objedn\u00e1vky obozn\u00e1mi\u0165 sa s t\u00fdmito VOP a potvrdi\u0165 svoj s\u00fahlas s nimi elektronicky v r\u00e1mci registr\u00e1cie alebo objedn\u00e1vky.\u00a0<\/p>\n<p>2.3. Obstar\u00e1vate\u013e si vyhradzuje pr\u00e1vo odmietnu\u0165 objedn\u00e1vku, ak nie s\u00fa splnen\u00e9 podmienky uveden\u00e9 v t\u00fdchto VOP.<\/p>\n\t\t\t\t\t\t\t\t<\/div>\n\t\t\t\t<\/div>\n\t\t\t\t<div class=\"elementor-element elementor-element-81cf668 elementor-widget elementor-widget-spacer\" data-id=\"81cf668\" data-element_type=\"widget\" data-e-type=\"widget\" data-widget_type=\"spacer.default\">\n\t\t\t\t<div class=\"elementor-widget-container\">\n\t\t\t\t\t\t\t<div class=\"elementor-spacer\">\n\t\t\t<div class=\"elementor-spacer-inner\"><\/div>\n\t\t<\/div>\n\t\t\t\t\t\t<\/div>\n\t\t\t\t<\/div>\n\t\t\t\t<div class=\"elementor-element elementor-element-d061fa4 elementor-widget elementor-widget-hub_fancy_heading\" data-id=\"d061fa4\" data-element_type=\"widget\" data-e-type=\"widget\" data-widget_type=\"hub_fancy_heading.default\">\n\t\t\t\t<div class=\"elementor-widget-container\">\n\t\t\t\t\t\n\t\t<div id=\"ld-fancy-heading-6a020d4271f42\" class=\"ld-fancy-heading pos-rel\">\n\t\t\t<h5 class=\"ld-fh-element d-inline-block pos-rel  elementor-heading-title lqd-highlight-classic lqd-highlight-grow-left h5\"  > III. Pr\u00e1va a povinnosti str\u00e1n<\/h5>\t\t<\/div>\n\n\t\t\t\t\t\t<\/div>\n\t\t\t\t<\/div>\n\t\t\t\t<div class=\"elementor-element elementor-element-af7b48f elementor-widget elementor-widget-text-editor\" data-id=\"af7b48f\" data-element_type=\"widget\" data-e-type=\"widget\" data-widget_type=\"text-editor.default\">\n\t\t\t\t<div class=\"elementor-widget-container\">\n\t\t\t\t\t\t\t\t\t\n<p>Pr\u00e1va a povinnosti Obstar\u00e1vate\u013ea:<\/p>\n<p>3.1. Obstar\u00e1vate\u013e sa zav\u00e4zuje zabezpe\u010di\u0165 prepravu z\u00e1sielok v s\u00falade so zmluvn\u00fdmi podmienkami a po\u017eiadavkami Objedn\u00e1vate\u013ea, pokia\u013e tieto neodporuj\u00fa z\u00e1konu alebo t\u00fdmto VOP.\u00a0<\/p>\n<p>3.2. Obstar\u00e1vate\u013e nezodpoved\u00e1 za \u0161kody vzniknut\u00e9 nespr\u00e1vnymi \u00fadajmi poskytnut\u00fdmi Objedn\u00e1vate\u013eom alebo za \u0161kody sp\u00f4soben\u00e9 Prepravcom po\u010das prepravy z\u00e1sielky.<\/p>\n<p>Pr\u00e1va a povinnosti Objedn\u00e1vate\u013ea:\u00a0<\/p>\n<p>3.3. Objedn\u00e1vate\u013e je povinn\u00fd poskytn\u00fa\u0165 spr\u00e1vne \u00fadaje o z\u00e1sielke vr\u00e1tane jej obsahu, hmotnosti, rozmerov a adresy doru\u010denia.\u00a0<\/p>\n<p>3.4. Objedn\u00e1vate\u013e je zodpovedn\u00fd za vhodn\u00e9 zabalenie z\u00e1sielky tak, aby nedo\u0161lo k jej po\u0161kodeniu po\u010das prepravy.<\/p>\n\t\t\t\t\t\t\t\t<\/div>\n\t\t\t\t<\/div>\n\t\t\t\t<div class=\"elementor-element elementor-element-e9d94b1 elementor-widget elementor-widget-spacer\" data-id=\"e9d94b1\" data-element_type=\"widget\" data-e-type=\"widget\" data-widget_type=\"spacer.default\">\n\t\t\t\t<div class=\"elementor-widget-container\">\n\t\t\t\t\t\t\t<div class=\"elementor-spacer\">\n\t\t\t<div class=\"elementor-spacer-inner\"><\/div>\n\t\t<\/div>\n\t\t\t\t\t\t<\/div>\n\t\t\t\t<\/div>\n\t\t\t\t<div class=\"elementor-element elementor-element-760a1d4 elementor-widget elementor-widget-hub_fancy_heading\" data-id=\"760a1d4\" data-element_type=\"widget\" data-e-type=\"widget\" data-widget_type=\"hub_fancy_heading.default\">\n\t\t\t\t<div class=\"elementor-widget-container\">\n\t\t\t\t\t\n\t\t<div id=\"ld-fancy-heading-6a020d4272fae\" class=\"ld-fancy-heading pos-rel\">\n\t\t\t<h5 class=\"ld-fh-element d-inline-block pos-rel  elementor-heading-title lqd-highlight-classic lqd-highlight-grow-left h5\"  > IV. Platobn\u00e9 podmienky<\/h5>\t\t<\/div>\n\n\t\t\t\t\t\t<\/div>\n\t\t\t\t<\/div>\n\t\t\t\t<div class=\"elementor-element elementor-element-ce2a81c elementor-widget elementor-widget-text-editor\" data-id=\"ce2a81c\" data-element_type=\"widget\" data-e-type=\"widget\" data-widget_type=\"text-editor.default\">\n\t\t\t\t<div class=\"elementor-widget-container\">\n\t\t\t\t\t\t\t\t\t\n<p>4.1. Cena za slu\u017eby je stanoven\u00e1 pod\u013ea aktu\u00e1lneho cenn\u00edka Obstar\u00e1vate\u013ea dostupn\u00e9ho na internetovej str\u00e1nke www.easyship.sk alebo pod\u013ea individu\u00e1lnej dohody medzi stranami.<\/p>\n<p>4.2. Platba za poskytnut\u00e9 slu\u017eby sa realizuje na z\u00e1klade elektronickej fakt\u00fary vystavenej Obstar\u00e1vate\u013eom, pri\u010dom splatnos\u0165 fakt\u00fary je 7 dn\u00ed od jej doru\u010denia na emailov\u00fa adresu uveden\u00fa Objedn\u00e1vate\u013eom.<\/p>\n<p>4.3. Obstar\u00e1vate\u013e m\u00e1 pr\u00e1vo pozastavi\u0165 poskytovanie slu\u017eieb v pr\u00edpade neuhradenia fakt\u00fary v stanovenej lehote.<\/p>\n\t\t\t\t\t\t\t\t<\/div>\n\t\t\t\t<\/div>\n\t\t\t\t<div class=\"elementor-element elementor-element-73390f9 elementor-widget elementor-widget-spacer\" data-id=\"73390f9\" data-element_type=\"widget\" data-e-type=\"widget\" data-widget_type=\"spacer.default\">\n\t\t\t\t<div class=\"elementor-widget-container\">\n\t\t\t\t\t\t\t<div class=\"elementor-spacer\">\n\t\t\t<div class=\"elementor-spacer-inner\"><\/div>\n\t\t<\/div>\n\t\t\t\t\t\t<\/div>\n\t\t\t\t<\/div>\n\t\t\t\t<div class=\"elementor-element elementor-element-cc2fadd elementor-widget elementor-widget-hub_fancy_heading\" data-id=\"cc2fadd\" data-element_type=\"widget\" data-e-type=\"widget\" data-widget_type=\"hub_fancy_heading.default\">\n\t\t\t\t<div class=\"elementor-widget-container\">\n\t\t\t\t\t\n\t\t<div id=\"ld-fancy-heading-6a020d4273fe8\" class=\"ld-fancy-heading pos-rel\">\n\t\t\t<h5 class=\"ld-fh-element d-inline-block pos-rel  elementor-heading-title lqd-highlight-classic lqd-highlight-grow-left h5\"  > V. Reklam\u00e1cie<\/h5>\t\t<\/div>\n\n\t\t\t\t\t\t<\/div>\n\t\t\t\t<\/div>\n\t\t\t\t<div class=\"elementor-element elementor-element-a92078a elementor-widget elementor-widget-text-editor\" data-id=\"a92078a\" data-element_type=\"widget\" data-e-type=\"widget\" data-widget_type=\"text-editor.default\">\n\t\t\t\t<div class=\"elementor-widget-container\">\n\t\t\t\t\t\t\t\t\t\n<p>5.1. Reklam\u00e1cie t\u00fdkaj\u00face sa kvality alebo rozsahu poskytnut\u00fdch slu\u017eieb je potrebn\u00e9 poda\u0165 p\u00edsomne do 30 dn\u00ed od ich poskytnutia prostredn\u00edctvom kontaktn\u00e9ho formul\u00e1ra na www.easyship.sk alebo emailom na info@easyship.sk.\u00a0<\/p>\n<p>5.2. Obstar\u00e1vate\u013e vybav\u00ed reklam\u00e1ciu do 30 dn\u00ed od jej prijatia, pri\u010dom v\u00fdsledok ozn\u00e1mi Objedn\u00e1vate\u013eovi p\u00edsomne.<\/p>\n\t\t\t\t\t\t\t\t<\/div>\n\t\t\t\t<\/div>\n\t\t\t\t<div class=\"elementor-element elementor-element-64aeef6 elementor-widget elementor-widget-spacer\" data-id=\"64aeef6\" data-element_type=\"widget\" data-e-type=\"widget\" data-widget_type=\"spacer.default\">\n\t\t\t\t<div class=\"elementor-widget-container\">\n\t\t\t\t\t\t\t<div class=\"elementor-spacer\">\n\t\t\t<div class=\"elementor-spacer-inner\"><\/div>\n\t\t<\/div>\n\t\t\t\t\t\t<\/div>\n\t\t\t\t<\/div>\n\t\t\t\t<div class=\"elementor-element elementor-element-a97eea8 elementor-widget elementor-widget-hub_fancy_heading\" data-id=\"a97eea8\" data-element_type=\"widget\" data-e-type=\"widget\" data-widget_type=\"hub_fancy_heading.default\">\n\t\t\t\t<div class=\"elementor-widget-container\">\n\t\t\t\t\t\n\t\t<div id=\"ld-fancy-heading-6a020d4274ff0\" class=\"ld-fancy-heading pos-rel\">\n\t\t\t<h5 class=\"ld-fh-element d-inline-block pos-rel  elementor-heading-title lqd-highlight-classic lqd-highlight-grow-left h5\"  > VI. Ochrana osobn\u00fdch \u00fadajov<\/h5>\t\t<\/div>\n\n\t\t\t\t\t\t<\/div>\n\t\t\t\t<\/div>\n\t\t\t\t<div class=\"elementor-element elementor-element-5916241 elementor-widget elementor-widget-text-editor\" data-id=\"5916241\" data-element_type=\"widget\" data-e-type=\"widget\" data-widget_type=\"text-editor.default\">\n\t\t\t\t<div class=\"elementor-widget-container\">\n\t\t\t\t\t\t\t\t\t\n<p>6.1. Obstar\u00e1vate\u013e sprac\u00fava osobn\u00e9 \u00fadaje Objedn\u00e1vate\u013ea v s\u00falade so z\u00e1konom \u010d. 18\/2018 Z.z. o ochrane osobn\u00fdch \u00fadajov a GDPR nariaden\u00edm E\u00da.<\/p>\n<p>6.2. Osobn\u00e9 \u00fadaje bud\u00fa pou\u017eit\u00e9 v\u00fdlu\u010dne na \u00fa\u010dely plnenia zmluvy a nebud\u00fa poskytnut\u00e9 tret\u00edm stran\u00e1m bez predch\u00e1dzaj\u00faceho s\u00fahlasu Objedn\u00e1vate\u013ea.<\/p>\n\t\t\t\t\t\t\t\t<\/div>\n\t\t\t\t<\/div>\n\t\t\t\t<div class=\"elementor-element elementor-element-9c74d65 elementor-widget elementor-widget-spacer\" data-id=\"9c74d65\" data-element_type=\"widget\" data-e-type=\"widget\" data-widget_type=\"spacer.default\">\n\t\t\t\t<div class=\"elementor-widget-container\">\n\t\t\t\t\t\t\t<div class=\"elementor-spacer\">\n\t\t\t<div class=\"elementor-spacer-inner\"><\/div>\n\t\t<\/div>\n\t\t\t\t\t\t<\/div>\n\t\t\t\t<\/div>\n\t\t\t\t<div class=\"elementor-element elementor-element-983e1b8 elementor-widget elementor-widget-hub_fancy_heading\" data-id=\"983e1b8\" data-element_type=\"widget\" data-e-type=\"widget\" data-widget_type=\"hub_fancy_heading.default\">\n\t\t\t\t<div class=\"elementor-widget-container\">\n\t\t\t\t\t\n\t\t<div id=\"ld-fancy-heading-6a020d427603d\" class=\"ld-fancy-heading pos-rel\">\n\t\t\t<h5 class=\"ld-fh-element d-inline-block pos-rel  elementor-heading-title lqd-highlight-classic lqd-highlight-grow-left h5\"  > VII. Z\u00e1vere\u010dn\u00e9 ustanovenia<\/h5>\t\t<\/div>\n\n\t\t\t\t\t\t<\/div>\n\t\t\t\t<\/div>\n\t\t\t\t<div class=\"elementor-element elementor-element-d7930a0 elementor-widget elementor-widget-text-editor\" data-id=\"d7930a0\" data-element_type=\"widget\" data-e-type=\"widget\" data-widget_type=\"text-editor.default\">\n\t\t\t\t<div class=\"elementor-widget-container\">\n\t\t\t\t\t\t\t\t\t\n<p>7.1. Tieto VOP s\u00fa neoddelite\u013enou s\u00fa\u010das\u0165ou ka\u017edej zmluvy uzatvorenej medzi Obstar\u00e1vate\u013eom a Objedn\u00e1vate\u013eom.<\/p>\n<p>7.2. Obstar\u00e1vate\u013e si vyhradzuje pr\u00e1vo na zmenu t\u00fdchto VOP, pri\u010dom aktu\u00e1lne znenie bude v\u017edy dostupn\u00e9 na www.easyship.sk.<\/p>\n<p>7.3 Ak\u00e9ko\u013evek spory vzniknut\u00e9 zo zmluvn\u00e9ho vz\u0165ahu bud\u00fa rie\u0161en\u00e9 prednostne mimos\u00fadnou cestou; pokia\u013e nebude mo\u017en\u00e9 spor vyrie\u0161i\u0165 t\u00fdmto sp\u00f4sobom, bude rozhodova\u0165 pr\u00edslu\u0161n\u00fd s\u00fad Slovenskej republiky.<\/p>\n<p>\u00a0<\/p>\n<p>Tieto V\u0161eobecn\u00e9 obchodn\u00e9 podmienky nadob\u00fadaj\u00fa \u00fa\u010dinnos\u0165 d\u0148a 27.3.2025.<\/p>\n\t\t\t\t\t\t\t\t<\/div>\n\t\t\t\t<\/div>\n\t\t\t\t\t<\/div>\n\t\t\t\t<\/div>\n\t\t\t\t<\/div>","protected":false},"excerpt":{"rendered":"<p>V\u0160EOBECN\u00c9 OBCHODN\u00c9 PODMIENKY Easyship s.r.o. I. \u00davodn\u00e9 ustanovenia a vymedzenie pojmov 1.1. Tieto v\u0161eobecn\u00e9 obchodn\u00e9 podmienky (\u010falej len \u201eVOP\u201c) upravuj\u00fa pr\u00e1vne vz\u0165ahy medzi spolo\u010dnos\u0165ou Easyship s.r.o., so s\u00eddlom: Karola Kuzm\u00e1nyho 14, 071 01 Michalovce, I\u010cO: 56663129, zap\u00edsanou v Obchodnom registri Mestsk\u00e9ho s\u00fadu Ko\u0161ice, Vlo\u017eka \u010d\u00edslo: 60946\/V, ako obstar\u00e1vate\u013eom (\u010falej len \u201eObstar\u00e1vate\u013e\u201c) a fyzick\u00fdmi alebo pr\u00e1vnick\u00fdmi [&hellip;]<\/p>\n","protected":false},"author":1,"featured_media":0,"parent":0,"menu_order":0,"comment_status":"closed","ping_status":"closed","template":"","meta":{"_monsterinsights_skip_tracking":false,"_monsterinsights_sitenote_active":false,"_monsterinsights_sitenote_note":"","_monsterinsights_sitenote_category":0,"footnotes":""},"class_list":["post-922","page","type-page","status-publish","hentry"],"yoast_head":"<!-- This site is optimized with the Yoast SEO plugin v27.5 - https:\/\/yoast.com\/product\/yoast-seo-wordpress\/ -->\n<title>V\u0161eobecn\u00e9 obchodn\u00e9 podmienky - EasyShip<\/title>\n<meta name=\"robots\" content=\"index, follow, max-snippet:-1, max-image-preview:large, max-video-preview:-1\" \/>\n<link rel=\"canonical\" href=\"https:\/\/www.easyship.sk\/en\/vseobecne-obchodne-podmienky\/\" \/>\n<meta property=\"og:locale\" content=\"en_GB\" \/>\n<meta property=\"og:type\" content=\"article\" \/>\n<meta property=\"og:title\" content=\"V\u0161eobecn\u00e9 obchodn\u00e9 podmienky - EasyShip\" \/>\n<meta property=\"og:description\" content=\"V\u0160EOBECN\u00c9 OBCHODN\u00c9 PODMIENKY Easyship s.r.o. I. \u00davodn\u00e9 ustanovenia a vymedzenie pojmov 1.1. Tieto v\u0161eobecn\u00e9 obchodn\u00e9 podmienky (\u010falej len \u201eVOP\u201c) upravuj\u00fa pr\u00e1vne vz\u0165ahy medzi spolo\u010dnos\u0165ou Easyship s.r.o., so s\u00eddlom: Karola Kuzm\u00e1nyho 14, 071 01 Michalovce, I\u010cO: 56663129, zap\u00edsanou v Obchodnom registri Mestsk\u00e9ho s\u00fadu Ko\u0161ice, Vlo\u017eka \u010d\u00edslo: 60946\/V, ako obstar\u00e1vate\u013eom (\u010falej len \u201eObstar\u00e1vate\u013e\u201c) a fyzick\u00fdmi alebo pr\u00e1vnick\u00fdmi [&hellip;]\" \/>\n<meta property=\"og:url\" content=\"https:\/\/www.easyship.sk\/en\/vseobecne-obchodne-podmienky\/\" \/>\n<meta property=\"og:site_name\" content=\"EasyShip\" \/>\n<meta property=\"article:publisher\" content=\"https:\/\/www.facebook.com\/profile.php?id=61573867090389\" \/>\n<meta property=\"article:modified_time\" content=\"2025-03-28T10:36:53+00:00\" \/>\n<meta name=\"twitter:card\" content=\"summary_large_image\" \/>\n<meta name=\"twitter:label1\" content=\"Estimated reading time\" \/>\n\t<meta name=\"twitter:data1\" content=\"3 minutes\" \/>\n<script type=\"application\/ld+json\" class=\"yoast-schema-graph\">{\"@context\":\"https:\\\/\\\/schema.org\",\"@graph\":[{\"@type\":\"WebPage\",\"@id\":\"https:\\\/\\\/www.easyship.sk\\\/vseobecne-obchodne-podmienky\\\/\",\"url\":\"https:\\\/\\\/www.easyship.sk\\\/vseobecne-obchodne-podmienky\\\/\",\"name\":\"V\u0161eobecn\u00e9 obchodn\u00e9 podmienky - EasyShip\",\"isPartOf\":{\"@id\":\"https:\\\/\\\/www.easyship.sk\\\/#website\"},\"datePublished\":\"2025-03-28T10:23:32+00:00\",\"dateModified\":\"2025-03-28T10:36:53+00:00\",\"breadcrumb\":{\"@id\":\"https:\\\/\\\/www.easyship.sk\\\/vseobecne-obchodne-podmienky\\\/#breadcrumb\"},\"inLanguage\":\"en-GB\",\"potentialAction\":[{\"@type\":\"ReadAction\",\"target\":[\"https:\\\/\\\/www.easyship.sk\\\/vseobecne-obchodne-podmienky\\\/\"]}]},{\"@type\":\"BreadcrumbList\",\"@id\":\"https:\\\/\\\/www.easyship.sk\\\/vseobecne-obchodne-podmienky\\\/#breadcrumb\",\"itemListElement\":[{\"@type\":\"ListItem\",\"position\":1,\"name\":\"Home\",\"item\":\"https:\\\/\\\/www.easyship.sk\\\/\"},{\"@type\":\"ListItem\",\"position\":2,\"name\":\"V\u0161eobecn\u00e9 obchodn\u00e9 podmienky\"}]},{\"@type\":\"WebSite\",\"@id\":\"https:\\\/\\\/www.easyship.sk\\\/#website\",\"url\":\"https:\\\/\\\/www.easyship.sk\\\/\",\"name\":\"EasyShip\",\"description\":\"Profesion\u00e1lne kuri\u00e9rske slu\u017eby\",\"publisher\":{\"@id\":\"https:\\\/\\\/www.easyship.sk\\\/#organization\"},\"potentialAction\":[{\"@type\":\"SearchAction\",\"target\":{\"@type\":\"EntryPoint\",\"urlTemplate\":\"https:\\\/\\\/www.easyship.sk\\\/?s={search_term_string}\"},\"query-input\":{\"@type\":\"PropertyValueSpecification\",\"valueRequired\":true,\"valueName\":\"search_term_string\"}}],\"inLanguage\":\"en-GB\"},{\"@type\":\"Organization\",\"@id\":\"https:\\\/\\\/www.easyship.sk\\\/#organization\",\"name\":\"EasyShip s.r.o.\",\"url\":\"https:\\\/\\\/www.easyship.sk\\\/\",\"logo\":{\"@type\":\"ImageObject\",\"inLanguage\":\"en-GB\",\"@id\":\"https:\\\/\\\/www.easyship.sk\\\/#\\\/schema\\\/logo\\\/image\\\/\",\"url\":\"https:\\\/\\\/www.easyship.sk\\\/wp-content\\\/uploads\\\/2025\\\/02\\\/easyship_logo_color.png\",\"contentUrl\":\"https:\\\/\\\/www.easyship.sk\\\/wp-content\\\/uploads\\\/2025\\\/02\\\/easyship_logo_color.png\",\"width\":842,\"height\":596,\"caption\":\"EasyShip s.r.o.\"},\"image\":{\"@id\":\"https:\\\/\\\/www.easyship.sk\\\/#\\\/schema\\\/logo\\\/image\\\/\"},\"sameAs\":[\"https:\\\/\\\/www.facebook.com\\\/profile.php?id=61573867090389\",\"https:\\\/\\\/www.linkedin.com\\\/company\\\/easyship-s-r-o\"]}]}<\/script>\n<!-- \/ Yoast SEO plugin. -->","yoast_head_json":{"title":"V\u0161eobecn\u00e9 obchodn\u00e9 podmienky - EasyShip","robots":{"index":"index","follow":"follow","max-snippet":"max-snippet:-1","max-image-preview":"max-image-preview:large","max-video-preview":"max-video-preview:-1"},"canonical":"https:\/\/www.easyship.sk\/en\/vseobecne-obchodne-podmienky\/","og_locale":"en_GB","og_type":"article","og_title":"V\u0161eobecn\u00e9 obchodn\u00e9 podmienky - EasyShip","og_description":"V\u0160EOBECN\u00c9 OBCHODN\u00c9 PODMIENKY Easyship s.r.o. I. \u00davodn\u00e9 ustanovenia a vymedzenie pojmov 1.1. Tieto v\u0161eobecn\u00e9 obchodn\u00e9 podmienky (\u010falej len \u201eVOP\u201c) upravuj\u00fa pr\u00e1vne vz\u0165ahy medzi spolo\u010dnos\u0165ou Easyship s.r.o., so s\u00eddlom: Karola Kuzm\u00e1nyho 14, 071 01 Michalovce, I\u010cO: 56663129, zap\u00edsanou v Obchodnom registri Mestsk\u00e9ho s\u00fadu Ko\u0161ice, Vlo\u017eka \u010d\u00edslo: 60946\/V, ako obstar\u00e1vate\u013eom (\u010falej len \u201eObstar\u00e1vate\u013e\u201c) a fyzick\u00fdmi alebo pr\u00e1vnick\u00fdmi [&hellip;]","og_url":"https:\/\/www.easyship.sk\/en\/vseobecne-obchodne-podmienky\/","og_site_name":"EasyShip","article_publisher":"https:\/\/www.facebook.com\/profile.php?id=61573867090389","article_modified_time":"2025-03-28T10:36:53+00:00","twitter_card":"summary_large_image","twitter_misc":{"Estimated reading time":"3 minutes"},"schema":{"@context":"https:\/\/schema.org","@graph":[{"@type":"WebPage","@id":"https:\/\/www.easyship.sk\/vseobecne-obchodne-podmienky\/","url":"https:\/\/www.easyship.sk\/vseobecne-obchodne-podmienky\/","name":"V\u0161eobecn\u00e9 obchodn\u00e9 podmienky - EasyShip","isPartOf":{"@id":"https:\/\/www.easyship.sk\/#website"},"datePublished":"2025-03-28T10:23:32+00:00","dateModified":"2025-03-28T10:36:53+00:00","breadcrumb":{"@id":"https:\/\/www.easyship.sk\/vseobecne-obchodne-podmienky\/#breadcrumb"},"inLanguage":"en-GB","potentialAction":[{"@type":"ReadAction","target":["https:\/\/www.easyship.sk\/vseobecne-obchodne-podmienky\/"]}]},{"@type":"BreadcrumbList","@id":"https:\/\/www.easyship.sk\/vseobecne-obchodne-podmienky\/#breadcrumb","itemListElement":[{"@type":"ListItem","position":1,"name":"Home","item":"https:\/\/www.easyship.sk\/"},{"@type":"ListItem","position":2,"name":"V\u0161eobecn\u00e9 obchodn\u00e9 podmienky"}]},{"@type":"WebSite","@id":"https:\/\/www.easyship.sk\/#website","url":"https:\/\/www.easyship.sk\/","name":"EasyShip","description":"Profesion\u00e1lne kuri\u00e9rske slu\u017eby","publisher":{"@id":"https:\/\/www.easyship.sk\/#organization"},"potentialAction":[{"@type":"SearchAction","target":{"@type":"EntryPoint","urlTemplate":"https:\/\/www.easyship.sk\/?s={search_term_string}"},"query-input":{"@type":"PropertyValueSpecification","valueRequired":true,"valueName":"search_term_string"}}],"inLanguage":"en-GB"},{"@type":"Organization","@id":"https:\/\/www.easyship.sk\/#organization","name":"EasyShip s.r.o.","url":"https:\/\/www.easyship.sk\/","logo":{"@type":"ImageObject","inLanguage":"en-GB","@id":"https:\/\/www.easyship.sk\/#\/schema\/logo\/image\/","url":"https:\/\/www.easyship.sk\/wp-content\/uploads\/2025\/02\/easyship_logo_color.png","contentUrl":"https:\/\/www.easyship.sk\/wp-content\/uploads\/2025\/02\/easyship_logo_color.png","width":842,"height":596,"caption":"EasyShip s.r.o."},"image":{"@id":"https:\/\/www.easyship.sk\/#\/schema\/logo\/image\/"},"sameAs":["https:\/\/www.facebook.com\/profile.php?id=61573867090389","https:\/\/www.linkedin.com\/company\/easyship-s-r-o"]}]}},"_links":{"self":[{"href":"https:\/\/www.easyship.sk\/en\/wp-json\/wp\/v2\/pages\/922","targetHints":{"allow":["GET"]}}],"collection":[{"href":"https:\/\/www.easyship.sk\/en\/wp-json\/wp\/v2\/pages"}],"about":[{"href":"https:\/\/www.easyship.sk\/en\/wp-json\/wp\/v2\/types\/page"}],"author":[{"embeddable":true,"href":"https:\/\/www.easyship.sk\/en\/wp-json\/wp\/v2\/users\/1"}],"replies":[{"embeddable":true,"href":"https:\/\/www.easyship.sk\/en\/wp-json\/wp\/v2\/comments?post=922"}],"version-history":[{"count":5,"href":"https:\/\/www.easyship.sk\/en\/wp-json\/wp\/v2\/pages\/922\/revisions"}],"predecessor-version":[{"id":936,"href":"https:\/\/www.easyship.sk\/en\/wp-json\/wp\/v2\/pages\/922\/revisions\/936"}],"wp:attachment":[{"href":"https:\/\/www.easyship.sk\/en\/wp-json\/wp\/v2\/media?parent=922"}],"curies":[{"name":"wp","href":"https:\/\/api.w.org\/{rel}","templated":true}]}}