{"id":3,"date":"2025-02-10T10:20:58","date_gmt":"2025-02-10T09:20:58","guid":{"rendered":"https:\/\/www.easyship.sk\/?page_id=3"},"modified":"2025-02-27T15:21:17","modified_gmt":"2025-02-27T14:21:17","slug":"ochrana-sukromia","status":"publish","type":"page","link":"https:\/\/www.easyship.sk\/en\/ochrana-sukromia\/","title":{"rendered":"Z\u00e1sady ochrany osobn\u00fdch \u00fadajov"},"content":{"rendered":"<div data-elementor-type=\"wp-page\" data-elementor-id=\"3\" class=\"elementor elementor-3\">\n\t\t\t\t<div class=\"elementor-element elementor-element-2771082f e-flex e-con-boxed e-con e-parent\" data-id=\"2771082f\" data-element_type=\"container\" data-e-type=\"container\">\n\t\t\t\t\t<div class=\"e-con-inner\">\n\t\t\t\t<div class=\"elementor-element elementor-element-404a8322 elementor-widget elementor-widget-text-editor\" data-id=\"404a8322\" data-element_type=\"widget\" data-e-type=\"widget\" data-widget_type=\"text-editor.default\">\n\t\t\t\t<div class=\"elementor-widget-container\">\n\t\t\t\t\t\t\t\t\t\n<h2 class=\"wp-block-heading\">Kto sme<\/h2>\n\n<p><strong>EasyShip s. r. o.,<\/strong> so s\u00eddlom&amp;nbsp;Karola Kuzm\u00e1nyho 1979\/14, 071 01 Michalovce, I\u010cO: 56 66 3129,&amp;nbsp;Zap\u00edsan\u00e1 v Obchodn\u00fd register Mestsk\u00e9ho s\u00fadu Ko\u0161ice, oddiel: Sro, vlo\u017eka \u010d. 60946\/V Email: info@easyship.sk.<\/p>\n<p>Spolo\u010dnos\u0165 EasyShip s.r.o. sprac\u00fava len tak\u00e9 osobn\u00e9 \u00fadaje, ktor\u00e9 s\u00fa nevyhnutn\u00e9 pre poskytovanie slu\u017eieb na\u0161im klientom. Sprac\u00favan\u00e9 osobn\u00e9 \u00fadaje starostlivo chr\u00e1nime a pri ich sprac\u00favan\u00ed dodr\u017eiavame v\u0161etky z\u00e1konom ustanoven\u00e9 povinnosti a ustanoven\u00e9 postupy.<\/p>\n<p>S cie\u013eom skvalitnenia poskytovan\u00fdch slu\u017eieb zhroma\u017e\u010fujeme osobn\u00e9 \u00fadaje o na\u0161ich potenci\u00e1lnych klientoch, ktor\u00ed n\u00e1m udelili v\u00fdslovn\u00fd s\u00fahlas oslovova\u0165 ich s ponukou na\u0161ich slu\u017eieb.<\/p>\n<h2 class=\"wp-block-heading\"><strong>Kateg\u00f3rie osobn\u00fdch \u00fadajov, ktor\u00e9 spracov\u00e1vame:<\/strong><\/h2>\n\n<ul class=\"wp-block-list\">\n<li>Identifika\u010dn\u00e9 \u00fadaje &#8211; sprac\u00favame osobn\u00e9 \u00fadaje, ako je meno organiz\u00e1cie, meno a priezvisko kontaktnej osoby<\/li>\n\n<li>Kontaktn\u00e9 \u00fadaje &#8211; sprac\u00favame aj kontaktn\u00e9 inform\u00e1cie vr\u00e1tane emailov\u00fdch adries<\/li>\n\n<li>\u00dadaje zo s\u00faborov cookies &#8211; <a href=\"https:\/\/www.easyship.sk\/en\/zasady-pouzivania-suborov-cookie-eu\/\">viac inform\u00e1ci\u00ed o cookies a o tom ako ich pou\u017e\u00edvame<\/a><\/li>\n<\/ul>\n\n<h2 class=\"wp-block-heading\"><strong>Na ak\u00fd \u00fa\u010del sprac\u00favame va\u0161e osobn\u00e9 \u00fadaje:<\/strong><\/h2>\n\n<ul class=\"wp-block-list\">\n<li>Sprac\u00favanie osobn\u00fdch \u00fadajov na z\u00e1klad opr\u00e1vnen\u00fdch z\u00e1ujmov<\/li>\n\n<li>Sprac\u00favanie osobn\u00fdch \u00fadajov na \u0161tatistick\u00e9 \u00fa\u010dely<\/li>\n\n<li>Sprac\u00favanie osobn\u00fdch \u00fadajov na marketingov\u00e9 \u00fa\u010dely<\/li>\n<\/ul>\n\n<h2 class=\"wp-block-heading\"><strong>Ste povinn\u00fd n\u00e1m poskytn\u00fa\u0165 svoje osobn\u00e9 \u00fadaje?<\/strong><\/h2>\n\n<p>Ude\u013eovan\u00fd s\u00fahlas so spracovan\u00edm osobn\u00fdch \u00fadajov je dobrovo\u013en\u00fd. Mus\u00ed by\u0165 poskytnut\u00fd v\u00e1\u017ene a slobodne, konkr\u00e9tny, informovan\u00fd a vo forme vyhl\u00e1senia alebo jednozna\u010dn\u00e9ho \u00fakonu, ktor\u00fdm vy ako dotknut\u00e1 osoba vyjadrujete s\u00fahlas so sprac\u00favan\u00edm va\u0161ich osobn\u00fdch \u00fadajov na dan\u00fd \u00fa\u010del.<\/p>\n\n<h2 class=\"wp-block-heading\"><strong>Pr\u00e1vne predpisy upravuj\u00face oblas\u0165 ochrany osobn\u00fdch \u00fadajov<\/strong><\/h2>\n\n<p>Nariadenie Eur\u00f3pskeho parlamentu a Rady E\u00da 2016\/679 z 27.apr\u00edla 2016 o ochrane fyzick\u00fdch os\u00f4b pri sprac\u00favan\u00ed osobn\u00fdch \u00fadajov a vo\u013enom pohybu tak\u00fdchto \u00fadajov, ktor\u00fdm sa zru\u0161uje smernica 95\/46\/ES (v\u0161eobecn\u00e9 nariadenie o ochrane \u00fadajov), Charta z\u00e1kladn\u00fdch pr\u00e1v Eur\u00f3pskej \u00fanie, Z\u00e1kon \u010d. 18\/2018 z. o ochrane osobn\u00fdch \u00fadajov a zmene a doplnen\u00ed niektor\u00fdch z\u00e1konov, \u00dastava Slovenskej republiky<\/p>\n\n<h2 class=\"wp-block-heading\"><strong>Odvolanie s\u00fahlasu so spracovan\u00edm osobn\u00fdch \u00fadajov<\/strong><\/h2>\n\n<p>Udelen\u00fd s\u00fahlas so sprac\u00favan\u00edm va\u0161ich osobn\u00fdch \u00fadajov na marketingov\u00e9 \u00fa\u010dely m\u00f4\u017eete kedyko\u013evek odvola\u0165.<br \/>Udelen\u00fd s\u00fahlas m\u00f4\u017eete kedyko\u013evek odvola\u0165, a to na nasledovnej adrese: EasyShip s.r.o., so s\u00eddlom\u00a0Karola Kuzm\u00e1nyho 1979\/14, 071 01 Michalovce, I\u010cO: 56 66 3129,\u00a0Zap\u00edsan\u00e1 v Obchodn\u00fd register Mestsk\u00e9ho s\u00fadu Ko\u0161ice, oddiel: Sro, vlo\u017eka \u010d. 60946\/V. Email:info@easyship.sk.<\/p>\n\n<h2 class=\"wp-block-heading\"><strong>Pou\u010denie k obsahu odvolania s\u00fahlasu so spracovan\u00edm osobn\u00fdch \u00fadajov na marketingov\u00e9 \u00fa\u010dely by malo obsahova\u0165 nasledovn\u00e9 inform\u00e1cie<\/strong><\/h2>\n\n<ul class=\"wp-block-list\">\n<li>identifik\u00e1ciu osoby, ktor\u00e1 odvol\u00e1va s\u00fahlas s uveden\u00edm jej mena, priezviska, ako aj e-mailov\u00e9ho kontaktu,<\/li>\n\n<li>jasn\u00e9 a zrozumite\u013en\u00e9 vyhl\u00e1senie o tom, \u017ee si viac v bud\u00facnosti ne\u017eel\u00e1te \u010fal\u0161ie sprac\u00favanie va\u0161ich osobn\u00fdch \u00fadajov na marketingov\u00e9 \u00fa\u010dely,<\/li>\n\n<li>v odvolan\u00ed m\u00f4\u017eete uvies\u0165, \u017ee s\u00fahlas so sprac\u00favan\u00edm va\u0161ich osobn\u00fdch \u00fadajov udelen\u00fd na marketingov\u00e9 v\u0161eobecne na ak\u00e9ko\u013evek marketingov\u00e9 \u00fa\u010dely, pr\u00edpadne m\u00f4\u017eete \u0161pecifikova\u0165 konkr\u00e9tne marketingov\u00e9 \u00fa\u010dely, na ktor\u00e9 sa odvolanie vz\u0165ahuje.<\/li>\n<\/ul>\n\n<p>Ak ste n\u00e1m udelili s\u00fahlas na spracovanie osobn\u00fdch \u00fadajov na marketingov\u00e9 \u00fa\u010dely, tento s\u00fahlas pova\u017eujeme za platn\u00fd po dobu piatich rokov od jeho udelenia alebo do \u010dasu, k\u00fdm ho neodvol\u00e1te.<\/p>\n\n<h2 class=\"wp-block-heading\"><strong><strong>Pr\u00e1va dotknutej osoby<\/strong><\/strong><\/h2>\n\n<p>Ako \u201edotknut\u00e1 osoba\u201c m\u00e1te pod\u013ea Z\u00e1kona nasleduj\u00face pr\u00e1va:<\/p>\n\n<ul class=\"wp-block-list\">\n<li>pr\u00e1vo na na pr\u00edstup k osobn\u00fdm \u00fadajom (\u00a7 21 Z\u00e1kona),<\/li>\n\n<li>pr\u00e1vo\u00a0na opravu (\u00a7 22 Z\u00e1kona),<\/li>\n\n<li>pr\u00e1vo\u00a0na vymazanie (\u00a7 23 Z\u00e1kona),<\/li>\n\n<li>pr\u00e1vo\u00a0na obmedzenie sprac\u00favania (\u00a7 24 Z\u00e1kona),<\/li>\n\n<li>pr\u00e1vo na prenosnos\u0165 \u00fadajov (\u00a7 26 Z\u00e1kona),<\/li>\n\n<li>pr\u00e1vo namieta\u0165 sprac\u00favanie (\u00a7 27 Z\u00e1kona),<\/li>\n\n<li>pr\u00e1vo odvola\u0165 s\u00fahlas (\u00a7 14 ods. 3 Z\u00e1kona),<\/li>\n\n<li>pr\u00e1vo poda\u0165 n\u00e1vrh na za\u010datie konania pod\u013ea \u00a7 100 Z\u00e1kona.<\/li>\n<\/ul>\n\n<p>Dotknut\u00e1 osoba m\u00f4\u017ee pr\u00edpadn\u00e9 pripomienky, adresova\u0165 prostredn\u00edctvom elektronickej po\u0161ty na e-mailovej adrese: info@easyship.sk alebo p\u00edsomne na adrese EasyShip s.r.o., Karola Kuzm\u00e1nyho 1979\/14, 071 01 Michalovce.<\/p>\n\n<p>\u00a0<\/p>\n\t\t\t\t\t\t\t\t<\/div>\n\t\t\t\t<\/div>\n\t\t\t\t\t<\/div>\n\t\t\t\t<\/div>\n\t\t\t\t<\/div>","protected":false},"excerpt":{"rendered":"<p>Kto sme EasyShip s. r. o., so s\u00eddlom&amp;nbsp;Karola Kuzm\u00e1nyho 1979\/14, 071 01 Michalovce, I\u010cO: 56 66 3129,&amp;nbsp;Zap\u00edsan\u00e1 v Obchodn\u00fd register Mestsk\u00e9ho s\u00fadu Ko\u0161ice, oddiel: Sro, vlo\u017eka \u010d. 60946\/V Email: info@easyship.sk. Spolo\u010dnos\u0165 EasyShip s.r.o. sprac\u00fava len tak\u00e9 osobn\u00e9 \u00fadaje, ktor\u00e9 s\u00fa nevyhnutn\u00e9 pre poskytovanie slu\u017eieb na\u0161im klientom. Sprac\u00favan\u00e9 osobn\u00e9 \u00fadaje starostlivo chr\u00e1nime a pri ich sprac\u00favan\u00ed [&hellip;]<\/p>\n","protected":false},"author":1,"featured_media":0,"parent":0,"menu_order":0,"comment_status":"closed","ping_status":"closed","template":"redux-templates_contained","meta":{"_monsterinsights_skip_tracking":false,"_monsterinsights_sitenote_active":false,"_monsterinsights_sitenote_note":"","_monsterinsights_sitenote_category":0,"footnotes":""},"class_list":["post-3","page","type-page","status-publish","hentry"],"yoast_head":"<!-- This site is optimized with the Yoast SEO plugin v27.5 - https:\/\/yoast.com\/product\/yoast-seo-wordpress\/ -->\n<title>Z\u00e1sady ochrany osobn\u00fdch \u00fadajov - EasyShip<\/title>\n<meta name=\"robots\" content=\"index, follow, max-snippet:-1, max-image-preview:large, max-video-preview:-1\" \/>\n<link rel=\"canonical\" href=\"https:\/\/www.easyship.sk\/en\/ochrana-sukromia\/\" \/>\n<meta property=\"og:locale\" content=\"en_GB\" \/>\n<meta property=\"og:type\" content=\"article\" \/>\n<meta property=\"og:title\" content=\"Z\u00e1sady ochrany osobn\u00fdch \u00fadajov - EasyShip\" \/>\n<meta property=\"og:description\" content=\"Kto sme EasyShip s. r. o., so s\u00eddlom&amp;nbsp;Karola Kuzm\u00e1nyho 1979\/14, 071 01 Michalovce, I\u010cO: 56 66 3129,&amp;nbsp;Zap\u00edsan\u00e1 v Obchodn\u00fd register Mestsk\u00e9ho s\u00fadu Ko\u0161ice, oddiel: Sro, vlo\u017eka \u010d. 60946\/V Email: info@easyship.sk. Spolo\u010dnos\u0165 EasyShip s.r.o. sprac\u00fava len tak\u00e9 osobn\u00e9 \u00fadaje, ktor\u00e9 s\u00fa nevyhnutn\u00e9 pre poskytovanie slu\u017eieb na\u0161im klientom. Sprac\u00favan\u00e9 osobn\u00e9 \u00fadaje starostlivo chr\u00e1nime a pri ich sprac\u00favan\u00ed [&hellip;]\" \/>\n<meta property=\"og:url\" content=\"https:\/\/www.easyship.sk\/en\/ochrana-sukromia\/\" \/>\n<meta property=\"og:site_name\" content=\"EasyShip\" \/>\n<meta property=\"article:publisher\" content=\"https:\/\/www.facebook.com\/profile.php?id=61573867090389\" \/>\n<meta property=\"article:modified_time\" content=\"2025-02-27T14:21:17+00:00\" \/>\n<meta name=\"twitter:card\" content=\"summary_large_image\" \/>\n<meta name=\"twitter:label1\" content=\"Estimated reading time\" \/>\n\t<meta name=\"twitter:data1\" content=\"3 minutes\" \/>\n<script type=\"application\/ld+json\" class=\"yoast-schema-graph\">{\"@context\":\"https:\\\/\\\/schema.org\",\"@graph\":[{\"@type\":\"WebPage\",\"@id\":\"https:\\\/\\\/www.easyship.sk\\\/ochrana-sukromia\\\/\",\"url\":\"https:\\\/\\\/www.easyship.sk\\\/ochrana-sukromia\\\/\",\"name\":\"Z\u00e1sady ochrany osobn\u00fdch \u00fadajov - EasyShip\",\"isPartOf\":{\"@id\":\"https:\\\/\\\/www.easyship.sk\\\/#website\"},\"datePublished\":\"2025-02-10T09:20:58+00:00\",\"dateModified\":\"2025-02-27T14:21:17+00:00\",\"breadcrumb\":{\"@id\":\"https:\\\/\\\/www.easyship.sk\\\/ochrana-sukromia\\\/#breadcrumb\"},\"inLanguage\":\"en-GB\",\"potentialAction\":[{\"@type\":\"ReadAction\",\"target\":[\"https:\\\/\\\/www.easyship.sk\\\/ochrana-sukromia\\\/\"]}]},{\"@type\":\"BreadcrumbList\",\"@id\":\"https:\\\/\\\/www.easyship.sk\\\/ochrana-sukromia\\\/#breadcrumb\",\"itemListElement\":[{\"@type\":\"ListItem\",\"position\":1,\"name\":\"Home\",\"item\":\"https:\\\/\\\/www.easyship.sk\\\/\"},{\"@type\":\"ListItem\",\"position\":2,\"name\":\"Z\u00e1sady ochrany osobn\u00fdch \u00fadajov\"}]},{\"@type\":\"WebSite\",\"@id\":\"https:\\\/\\\/www.easyship.sk\\\/#website\",\"url\":\"https:\\\/\\\/www.easyship.sk\\\/\",\"name\":\"EasyShip\",\"description\":\"Profesion\u00e1lne kuri\u00e9rske slu\u017eby\",\"publisher\":{\"@id\":\"https:\\\/\\\/www.easyship.sk\\\/#organization\"},\"potentialAction\":[{\"@type\":\"SearchAction\",\"target\":{\"@type\":\"EntryPoint\",\"urlTemplate\":\"https:\\\/\\\/www.easyship.sk\\\/?s={search_term_string}\"},\"query-input\":{\"@type\":\"PropertyValueSpecification\",\"valueRequired\":true,\"valueName\":\"search_term_string\"}}],\"inLanguage\":\"en-GB\"},{\"@type\":\"Organization\",\"@id\":\"https:\\\/\\\/www.easyship.sk\\\/#organization\",\"name\":\"EasyShip s.r.o.\",\"url\":\"https:\\\/\\\/www.easyship.sk\\\/\",\"logo\":{\"@type\":\"ImageObject\",\"inLanguage\":\"en-GB\",\"@id\":\"https:\\\/\\\/www.easyship.sk\\\/#\\\/schema\\\/logo\\\/image\\\/\",\"url\":\"https:\\\/\\\/www.easyship.sk\\\/wp-content\\\/uploads\\\/2025\\\/02\\\/easyship_logo_color.png\",\"contentUrl\":\"https:\\\/\\\/www.easyship.sk\\\/wp-content\\\/uploads\\\/2025\\\/02\\\/easyship_logo_color.png\",\"width\":842,\"height\":596,\"caption\":\"EasyShip s.r.o.\"},\"image\":{\"@id\":\"https:\\\/\\\/www.easyship.sk\\\/#\\\/schema\\\/logo\\\/image\\\/\"},\"sameAs\":[\"https:\\\/\\\/www.facebook.com\\\/profile.php?id=61573867090389\",\"https:\\\/\\\/www.linkedin.com\\\/company\\\/easyship-s-r-o\"]}]}<\/script>\n<!-- \/ Yoast SEO plugin. -->","yoast_head_json":{"title":"Z\u00e1sady ochrany osobn\u00fdch \u00fadajov - EasyShip","robots":{"index":"index","follow":"follow","max-snippet":"max-snippet:-1","max-image-preview":"max-image-preview:large","max-video-preview":"max-video-preview:-1"},"canonical":"https:\/\/www.easyship.sk\/en\/ochrana-sukromia\/","og_locale":"en_GB","og_type":"article","og_title":"Z\u00e1sady ochrany osobn\u00fdch \u00fadajov - EasyShip","og_description":"Kto sme EasyShip s. r. o., so s\u00eddlom&amp;nbsp;Karola Kuzm\u00e1nyho 1979\/14, 071 01 Michalovce, I\u010cO: 56 66 3129,&amp;nbsp;Zap\u00edsan\u00e1 v Obchodn\u00fd register Mestsk\u00e9ho s\u00fadu Ko\u0161ice, oddiel: Sro, vlo\u017eka \u010d. 60946\/V Email: info@easyship.sk. Spolo\u010dnos\u0165 EasyShip s.r.o. sprac\u00fava len tak\u00e9 osobn\u00e9 \u00fadaje, ktor\u00e9 s\u00fa nevyhnutn\u00e9 pre poskytovanie slu\u017eieb na\u0161im klientom. Sprac\u00favan\u00e9 osobn\u00e9 \u00fadaje starostlivo chr\u00e1nime a pri ich sprac\u00favan\u00ed [&hellip;]","og_url":"https:\/\/www.easyship.sk\/en\/ochrana-sukromia\/","og_site_name":"EasyShip","article_publisher":"https:\/\/www.facebook.com\/profile.php?id=61573867090389","article_modified_time":"2025-02-27T14:21:17+00:00","twitter_card":"summary_large_image","twitter_misc":{"Estimated reading time":"3 minutes"},"schema":{"@context":"https:\/\/schema.org","@graph":[{"@type":"WebPage","@id":"https:\/\/www.easyship.sk\/ochrana-sukromia\/","url":"https:\/\/www.easyship.sk\/ochrana-sukromia\/","name":"Z\u00e1sady ochrany osobn\u00fdch \u00fadajov - EasyShip","isPartOf":{"@id":"https:\/\/www.easyship.sk\/#website"},"datePublished":"2025-02-10T09:20:58+00:00","dateModified":"2025-02-27T14:21:17+00:00","breadcrumb":{"@id":"https:\/\/www.easyship.sk\/ochrana-sukromia\/#breadcrumb"},"inLanguage":"en-GB","potentialAction":[{"@type":"ReadAction","target":["https:\/\/www.easyship.sk\/ochrana-sukromia\/"]}]},{"@type":"BreadcrumbList","@id":"https:\/\/www.easyship.sk\/ochrana-sukromia\/#breadcrumb","itemListElement":[{"@type":"ListItem","position":1,"name":"Home","item":"https:\/\/www.easyship.sk\/"},{"@type":"ListItem","position":2,"name":"Z\u00e1sady ochrany osobn\u00fdch \u00fadajov"}]},{"@type":"WebSite","@id":"https:\/\/www.easyship.sk\/#website","url":"https:\/\/www.easyship.sk\/","name":"EasyShip","description":"Profesion\u00e1lne kuri\u00e9rske slu\u017eby","publisher":{"@id":"https:\/\/www.easyship.sk\/#organization"},"potentialAction":[{"@type":"SearchAction","target":{"@type":"EntryPoint","urlTemplate":"https:\/\/www.easyship.sk\/?s={search_term_string}"},"query-input":{"@type":"PropertyValueSpecification","valueRequired":true,"valueName":"search_term_string"}}],"inLanguage":"en-GB"},{"@type":"Organization","@id":"https:\/\/www.easyship.sk\/#organization","name":"EasyShip s.r.o.","url":"https:\/\/www.easyship.sk\/","logo":{"@type":"ImageObject","inLanguage":"en-GB","@id":"https:\/\/www.easyship.sk\/#\/schema\/logo\/image\/","url":"https:\/\/www.easyship.sk\/wp-content\/uploads\/2025\/02\/easyship_logo_color.png","contentUrl":"https:\/\/www.easyship.sk\/wp-content\/uploads\/2025\/02\/easyship_logo_color.png","width":842,"height":596,"caption":"EasyShip s.r.o."},"image":{"@id":"https:\/\/www.easyship.sk\/#\/schema\/logo\/image\/"},"sameAs":["https:\/\/www.facebook.com\/profile.php?id=61573867090389","https:\/\/www.linkedin.com\/company\/easyship-s-r-o"]}]}},"_links":{"self":[{"href":"https:\/\/www.easyship.sk\/en\/wp-json\/wp\/v2\/pages\/3","targetHints":{"allow":["GET"]}}],"collection":[{"href":"https:\/\/www.easyship.sk\/en\/wp-json\/wp\/v2\/pages"}],"about":[{"href":"https:\/\/www.easyship.sk\/en\/wp-json\/wp\/v2\/types\/page"}],"author":[{"embeddable":true,"href":"https:\/\/www.easyship.sk\/en\/wp-json\/wp\/v2\/users\/1"}],"replies":[{"embeddable":true,"href":"https:\/\/www.easyship.sk\/en\/wp-json\/wp\/v2\/comments?post=3"}],"version-history":[{"count":7,"href":"https:\/\/www.easyship.sk\/en\/wp-json\/wp\/v2\/pages\/3\/revisions"}],"predecessor-version":[{"id":932,"href":"https:\/\/www.easyship.sk\/en\/wp-json\/wp\/v2\/pages\/3\/revisions\/932"}],"wp:attachment":[{"href":"https:\/\/www.easyship.sk\/en\/wp-json\/wp\/v2\/media?parent=3"}],"curies":[{"name":"wp","href":"https:\/\/api.w.org\/{rel}","templated":true}]}}